{"id":10,"date":"2018-09-25T19:26:04","date_gmt":"2018-09-25T19:26:04","guid":{"rendered":"http:\/\/sinroswell.de\/?page_id=10"},"modified":"2024-02-17T20:04:14","modified_gmt":"2024-02-17T20:04:14","slug":"autor-sin-roswell","status":"publish","type":"page","link":"https:\/\/sinroswell.de\/?page_id=10","title":{"rendered":"Das Team"},"content":{"rendered":"\n<p>\u00dcber den Autor:<\/p>\n\n\n\n<p>Ein Projekt, das lange ein Traum war, wird nun umgesetzt: Eine eigenen Web Novel schreiben und die Geschichten verbreiten. Ich werde schreiben, egal ob es nur einer liest oder tausende.<\/p>\n\n\n\n<p>Seit dem 01.01.2024 erschaffe ich mithilfe von KI Bilder, die man auf der Seite bestaunen kann. Dies soll Lesern helfen, wie ich meine Figuren in der Geschichte vorstelle, beschreibe und \u00e4hnliches. Wenn ihr auch andere Bilder sehen wollt, schaut einfach hier:<a href=\"https:\/\/www.deviantart.com\/sin-1\"> https:\/\/www.deviantart.com\/sin-1<\/a><\/p>\n\n\n\n<p>Auch wenn meine Geschichte f\u00fcr jeden kostenlos zu lesen ist, m\u00f6chte ich gerne auch nochmal hier erw\u00e4hnen: Diese Geschichte ist mein pers\u00f6nlicher geistiger Eigentum und teile sie euch, damit ihr in meinem Wahn mitfiebert, wie ich eine Welt erschaffe und wer wei\u00df&#8230; wie sie endet. Deswegen seht es ab, die Geschichte einfach zu kopieren und irgendwo es als Eigentum vorzustellen.<\/p>\n\n\n\n<p>\u00dcber die Korrektoratin:<\/p>\n\n\n\n<p>Hallo, mein Name ist Bridemassacre (insta: @bridemassacre) ich versuche dieser guten Geschichte einen grammatikalisch richtigen Schliff zu verleihen. Wenn ich damit nicht besch\u00e4ftigt bin, h\u00e4nge ich mit Katzen und &#8217;ner T\u00e4towiermaschine ab. F\u00fcr etwaige Fehler \u00fcbernehme ich dennoch keine Haftung. <\/p>\n\n\n\n<figure class=\"wp-block-gallery has-nested-images columns-default is-cropped wp-block-gallery-1 is-layout-flex wp-block-gallery-is-layout-flex\">\n<figure class=\"wp-block-image size-large\"><img loading=\"lazy\" decoding=\"async\" width=\"616\" height=\"1024\" data-id=\"171\" src=\"https:\/\/sinroswell.de\/wp-content\/uploads\/2019\/02\/50297137_608154709612569_9105961692705062912_n-616x1024.jpg\" alt=\"\" class=\"wp-image-171\" srcset=\"https:\/\/sinroswell.de\/wp-content\/uploads\/2019\/02\/50297137_608154709612569_9105961692705062912_n-616x1024.jpg 616w, https:\/\/sinroswell.de\/wp-content\/uploads\/2019\/02\/50297137_608154709612569_9105961692705062912_n-181x300.jpg 181w, https:\/\/sinroswell.de\/wp-content\/uploads\/2019\/02\/50297137_608154709612569_9105961692705062912_n-768x1276.jpg 768w, https:\/\/sinroswell.de\/wp-content\/uploads\/2019\/02\/50297137_608154709612569_9105961692705062912_n-900x1495.jpg 900w, https:\/\/sinroswell.de\/wp-content\/uploads\/2019\/02\/50297137_608154709612569_9105961692705062912_n.jpg 1080w\" sizes=\"auto, (max-width: 616px) 100vw, 616px\" \/><figcaption class=\"wp-element-caption\">K\u00fcnstler: Bridemassacre<\/figcaption><\/figure>\n\n\n\n<figure class=\"wp-block-image size-large\"><img loading=\"lazy\" decoding=\"async\" width=\"724\" height=\"1024\" data-id=\"340\" src=\"https:\/\/sinroswell.de\/wp-content\/uploads\/2019\/09\/69510238_969878896687786_232991646411653120_n-724x1024.jpg\" alt=\"\" class=\"wp-image-340\" srcset=\"https:\/\/sinroswell.de\/wp-content\/uploads\/2019\/09\/69510238_969878896687786_232991646411653120_n-724x1024.jpg 724w, https:\/\/sinroswell.de\/wp-content\/uploads\/2019\/09\/69510238_969878896687786_232991646411653120_n-212x300.jpg 212w, https:\/\/sinroswell.de\/wp-content\/uploads\/2019\/09\/69510238_969878896687786_232991646411653120_n-768x1086.jpg 768w, https:\/\/sinroswell.de\/wp-content\/uploads\/2019\/09\/69510238_969878896687786_232991646411653120_n-900x1273.jpg 900w, https:\/\/sinroswell.de\/wp-content\/uploads\/2019\/09\/69510238_969878896687786_232991646411653120_n.jpg 1080w\" sizes=\"auto, (max-width: 724px) 100vw, 724px\" \/><\/figure>\n\n\n\n<figure class=\"wp-block-image size-large\"><img loading=\"lazy\" decoding=\"async\" width=\"768\" height=\"1024\" data-id=\"387\" src=\"https:\/\/sinroswell.de\/wp-content\/uploads\/2019\/10\/72840116_408326269856494_956893167083323392_n-768x1024.jpg\" alt=\"\" class=\"wp-image-387\" srcset=\"https:\/\/sinroswell.de\/wp-content\/uploads\/2019\/10\/72840116_408326269856494_956893167083323392_n-768x1024.jpg 768w, https:\/\/sinroswell.de\/wp-content\/uploads\/2019\/10\/72840116_408326269856494_956893167083323392_n-225x300.jpg 225w, https:\/\/sinroswell.de\/wp-content\/uploads\/2019\/10\/72840116_408326269856494_956893167083323392_n-900x1200.jpg 900w, https:\/\/sinroswell.de\/wp-content\/uploads\/2019\/10\/72840116_408326269856494_956893167083323392_n.jpg 1116w\" sizes=\"auto, (max-width: 768px) 100vw, 768px\" \/><\/figure>\n\n\n\n<figure class=\"wp-block-image size-large\"><img loading=\"lazy\" decoding=\"async\" width=\"280\" height=\"438\" data-id=\"544\" src=\"https:\/\/sinroswell.de\/wp-content\/uploads\/2020\/03\/91382156_686330585448358_6359908608943063040_n.jpg\" alt=\"\" class=\"wp-image-544\" srcset=\"https:\/\/sinroswell.de\/wp-content\/uploads\/2020\/03\/91382156_686330585448358_6359908608943063040_n.jpg 280w, https:\/\/sinroswell.de\/wp-content\/uploads\/2020\/03\/91382156_686330585448358_6359908608943063040_n-192x300.jpg 192w\" sizes=\"auto, (max-width: 280px) 100vw, 280px\" \/><\/figure>\n\n\n\n<figure class=\"wp-block-image size-large\"><img loading=\"lazy\" decoding=\"async\" width=\"280\" height=\"373\" data-id=\"545\" src=\"https:\/\/sinroswell.de\/wp-content\/uploads\/2020\/03\/91518087_533057210906309_1755459503035252736_n.jpg\" alt=\"\" class=\"wp-image-545\" srcset=\"https:\/\/sinroswell.de\/wp-content\/uploads\/2020\/03\/91518087_533057210906309_1755459503035252736_n.jpg 280w, https:\/\/sinroswell.de\/wp-content\/uploads\/2020\/03\/91518087_533057210906309_1755459503035252736_n-225x300.jpg 225w\" sizes=\"auto, (max-width: 280px) 100vw, 280px\" \/><\/figure>\n\n\n\n<figure class=\"wp-block-image size-large\"><img loading=\"lazy\" decoding=\"async\" width=\"869\" height=\"606\" data-id=\"677\" src=\"https:\/\/sinroswell.de\/wp-content\/uploads\/2020\/07\/MioundTio.jpg\" alt=\"\" class=\"wp-image-677\" srcset=\"https:\/\/sinroswell.de\/wp-content\/uploads\/2020\/07\/MioundTio.jpg 869w, https:\/\/sinroswell.de\/wp-content\/uploads\/2020\/07\/MioundTio-300x209.jpg 300w, https:\/\/sinroswell.de\/wp-content\/uploads\/2020\/07\/MioundTio-768x536.jpg 768w\" sizes=\"auto, (max-width: 869px) 100vw, 869px\" \/><\/figure>\n<\/figure>\n\n\n\n<p>Handgemalte Figuren von Bridemassacre <\/p>\n","protected":false},"excerpt":{"rendered":"<p>\u00dcber den Autor: Ein Projekt, das lange ein Traum war, wird nun umgesetzt: Eine eigenen Web Novel schreiben und die Geschichten verbreiten. Ich werde schreiben, egal ob es nur einer liest oder tausende. Seit dem 01.01.2024 erschaffe ich mithilfe von KI Bilder, die man auf der Seite bestaunen kann. Dies soll Lesern helfen, wie ich [&hellip;]<\/p>\n","protected":false},"author":1,"featured_media":0,"parent":0,"menu_order":0,"comment_status":"closed","ping_status":"closed","template":"","meta":{"footnotes":""},"class_list":["post-10","page","type-page","status-publish","hentry"],"_links":{"self":[{"href":"https:\/\/sinroswell.de\/index.php?rest_route=\/wp\/v2\/pages\/10","targetHints":{"allow":["GET"]}}],"collection":[{"href":"https:\/\/sinroswell.de\/index.php?rest_route=\/wp\/v2\/pages"}],"about":[{"href":"https:\/\/sinroswell.de\/index.php?rest_route=\/wp\/v2\/types\/page"}],"author":[{"embeddable":true,"href":"https:\/\/sinroswell.de\/index.php?rest_route=\/wp\/v2\/users\/1"}],"replies":[{"embeddable":true,"href":"https:\/\/sinroswell.de\/index.php?rest_route=%2Fwp%2Fv2%2Fcomments&post=10"}],"version-history":[{"count":11,"href":"https:\/\/sinroswell.de\/index.php?rest_route=\/wp\/v2\/pages\/10\/revisions"}],"predecessor-version":[{"id":2646,"href":"https:\/\/sinroswell.de\/index.php?rest_route=\/wp\/v2\/pages\/10\/revisions\/2646"}],"wp:attachment":[{"href":"https:\/\/sinroswell.de\/index.php?rest_route=%2Fwp%2Fv2%2Fmedia&parent=10"}],"curies":[{"name":"wp","href":"https:\/\/api.w.org\/{rel}","templated":true}]}}